{"id":9,"date":"2018-04-18T12:33:46","date_gmt":"2018-04-18T15:33:46","guid":{"rendered":"https:\/\/www.me.econo.unlp.edu.ar\/?page_id=9"},"modified":"2026-03-19T15:25:36","modified_gmt":"2026-03-19T18:25:36","slug":"inicio","status":"publish","type":"page","link":"https:\/\/www.me.econo.unlp.edu.ar\/","title":{"rendered":"Inicio"},"content":{"rendered":"\n<p>[vc_row dt_id=\u00bbInicio\u00bb][vc_column][vc_single_image image=\u00bb4562&#8243; img_size=\u00bbfull\u00bb alignment=\u00bbcenter\u00bb][\/vc_column][\/vc_row]<\/p>\n\n\n<p>[vc_row dt_row_type=\u00bbin_container\u00bb][vc_column][vc_row_inner][vc_column_inner]<div style=\"clear:both; width:100%; height:30px\"><\/div><div class=\"dt-title-wrapper\"><h1 class=\"section-title\">LA MAESTR\u00cdA<\/h1><\/div>[vc_column_text]<span style=\"color: #000000;\">La Maestr\u00eda en Econom\u00eda de la UNLP funciona desde 1997 dentro de la <a href=\"https:\/\/www.econo.unlp.edu.ar\/\" target=\"_blank\" rel=\"noopener\">Facultad de Ciencias Econ\u00f3micas de la Universidad Nacional de La Plata<\/a>, instituci\u00f3n <a href=\"https:\/\/ideas.repec.org\/top\/top.argentina.html#inst10\" target=\"_blank\" rel=\"noopener\">consistentemente &nbsp;ubicada en el top del ranking de RePEc en Argentina<\/a>.&nbsp;<\/span> <span style=\"color: #000000;\">La Maestr\u00eda es categor\u00eda \u00abA\u00bb, la m\u00e1s alta seg\u00fan la Comisi\u00f3n Nacional de Evaluaci\u00f3n y Acreditaci\u00f3n Universitaria.<\/span>[\/vc_column_text][\/vc_column_inner][\/vc_row_inner]<div style=\"clear:both; width:100%; height:10px\"><\/div>[vc_row_inner][vc_column_inner width=\u00bb1\/4&#8243;][vc_column_text]<\/p>\n<div class=\"wpb_text_column wpb_content_element \">\n<div class=\"wpb_wrapper\">\n<h4><strong>\u00bfPor qu\u00e9 la Maestr\u00eda en Econom\u00eda de la UNLP?<\/strong><\/h4>\n<\/div>\n<\/div>\n<p>[\/vc_column_text][vc_column_text]<span style=\"color: #000000;\">La Maestr\u00eda en Econom\u00eda de la UNLP se destaca por su enfoque riguroso en la formaci\u00f3n de economistas con s\u00f3lidas capacidades anal\u00edticas y t\u00e9cnicas, alineadas con la frontera del conocimiento y con las demandas actuales del mercado. La Maestr\u00eda cuenta con un cuerpo de profesores full-time de primer nivel y fuertemente comprometido con la investigaci\u00f3n y la ense\u00f1anza a nivel local e internacional.<\/span>[\/vc_column_text][\/vc_column_inner][vc_column_inner width=\u00bb1\/4&#8243;][vc_column_text]<\/p>\n<div class=\"wpb_text_column wpb_content_element \">\n<div class=\"wpb_wrapper\">\n<h4><strong>\u00bfA qui\u00e9n est\u00e1 dirigida?<\/strong><\/h4>\n<\/div>\n<\/div>\n<p>[\/vc_column_text][vc_column_text]<span style=\"color: #000000;\">La Maestr\u00eda est\u00e1 dirigida a profesionales con una s\u00f3lida formaci\u00f3n cuantitativa, principalmente Economistas, pero tambi\u00e9n de otras \u00e1reas, que buscan profundizar en el an\u00e1lisis econ\u00f3mico e incorporar herramientas anal\u00edticas avanzadas.<\/span><\/p>\n<div class=\"wpb_wrapper\">\n<h4><strong>Duraci\u00f3n<\/strong><\/h4>\n<\/div>\n<p>[\/vc_column_text][vc_column_text]<span style=\"color: #000000;\">1 a\u00f1o de cursada + tesis. Tambi\u00e9n ofrece la opci\u00f3n de cursar part-time.<br \/>\n[\/vc_column_text][\/vc_column_inner][vc_column_inner width=\u00bb1\/4&#8243;][vc_column_text]<\/p>\n<div class=\"wpb_text_column wpb_content_element \">\n<div class=\"wpb_wrapper\">\n<h4><strong>Plan de estudios<\/strong><\/h4>\n<\/div>\n<\/div>\n<p>[\/vc_column_text][vc_column_text]<span style=\"color: #000000;\">El plan de estudios incluye una gran variedad de cursos optativos, que cubren desde t\u00f3picos de la macroeconom\u00eda a la microeconom\u00eda, y se distingue por el \u00e9nfasis en el an\u00e1lisis emp\u00edrico con una fuerte formaci\u00f3n en herramientas estad\u00edsticas y econom\u00e9tricas. <\/span>[\/vc_column_text][\/vc_column_inner][vc_column_inner width=\u00bb1\/4&#8243;][vc_column_text]<\/p>\n<div class=\"wpb_text_column wpb_content_element \">\n<div class=\"wpb_wrapper\">\n<h4><strong>Flexibilidad para distintos perfiles profesionales<\/strong><\/h4>\n<\/div>\n<\/div>\n<p>[\/vc_column_text][vc_column_text]<span style=\"color: #000000;\">La flexibilidad y la amplia oferta de cursos optativos permiten que el programa se adapte a distintos perfiles profesionales, desde quienes aspiran a una carrera en investigaci\u00f3n y docencia universitaria, hasta consultor\u00eda o roles t\u00e9cnicos en instituciones p\u00fablicas, privadas y organismos internacionales.<br \/>\n<span style=\"color: #000000;\"> <a href=\"https:\/\/www.me.econo.unlp.edu.ar\/wp-content\/uploads\/BROCHURE-MAESTRIA-ECONOMIA-2024.pdf\">Descarg\u00e1 nuestro brochure<\/a><\/span><br \/>\n<span style=\"color: #000000;\"><\/span><\/span>[\/vc_column_text][\/vc_column_inner][vc_column_inner width=\u00bb1\/4&#8243;][vc_column_text]<\/p>\n<div class=\"wpb_text_column wpb_content_element \">\n<div class=\"wpb_wrapper\">\n[\/vc_column_text][\/vc_column_inner][\/vc_row_inner]<div style=\"clear:both; width:100%; height:60px\"><\/div>[\/vc_column][\/vc_row]<\/div>\n<\/div>\n<p><\/span><\/p>\n\n\n\n<p>[vc_row bg_type=\u00bbbg_color\u00bb bg_color_value=\u00bb#e5e5e5&#8243;][vc_column]<div style=\"clear:both; width:100%; height:30px\"><\/div><div class=\"dt-title-wrapper\"><h1 class=\"section-title\">NOVEDADES<\/h1><\/div>[vc_row_inner][vc_column_inner width=\u00bb1\/4&#8243;]<\/p>\n\n\n\n<div id=\"interactive-banner-1-wrap-1882\" class=\"ult-banner-block ult-adjust-bottom-margin ult-bb-more ult-banner-block-custom-height banner-style01 \"   style=\"height:270px;\">\n\t<img src=\"https:\/\/www.me.econo.unlp.edu.ar\/wp-content\/uploads\/placement_2025_v3.jpg\" alt=\"null\">\n\t<h3  data-ultimate-target='#interactive-banner-1-wrap-1882 .bb-top-title '  data-responsive-json-new='{\"font-size\":\"\",\"line-height\":\"\"}'  class=\"title-center bb-top-title ult-responsive\" style=\"font-weight:normal;background:#242424;color:#ffffff;\">PLACEMENT 2025<\/h3>\n\t<div class=\"mask opaque-background\" style=\"background:rgba(36,36,36,0.81);\">\n\t\t<div  data-ultimate-target='#interactive-banner-1-wrap-1882 .bb-description'  data-responsive-json-new='{\"font-size\":\"\",\"line-height\":\"\"}'  class=\"bb-description ult-responsive\" style=\"font-weight:normal;color:#ffffff;\">Conoc\u00e9 a nuestros alumnos que fueron admitidos para continuar sus estudios en las m\u00e1s prestigiosas universidades internacionales.<\/div>\n\t\t<a class=\"bb-link\" href=\"https:\/\/www.me.econo.unlp.edu.ar\/index.php\/novedades\/#placement2025\"  style=\"background:#dd3333;color:#ffffff;\">+info<\/a>\n\t<\/div>\n<\/div><br>\n<div id=\"interactive-banner-1-wrap-8333\" class=\"ult-banner-block ult-adjust-bottom-margin ult-bb-more ult-banner-block-custom-height banner-style01 \"   style=\"height:270px;\">\n\t<img src=\"https:\/\/www.me.econo.unlp.edu.ar\/wp-content\/uploads\/img-boton-tesis-2.jpg\" alt=\"null\">\n\t<h3  data-ultimate-target='#interactive-banner-1-wrap-8333 .bb-top-title '  data-responsive-json-new='{\"font-size\":\"\",\"line-height\":\"\"}'  class=\"title-center bb-top-title ult-responsive\" style=\"font-weight:normal;background:#242424;color:#ffffff;\">Premio Mejor Tesis del a\u00f1o 2026<\/h3>\n\t<div class=\"mask opaque-background\" style=\"background:rgba(36,36,36,0.81);\">\n\t\t<div  data-ultimate-target='#interactive-banner-1-wrap-8333 .bb-description'  data-responsive-json-new='{\"font-size\":\"\",\"line-height\":\"\"}'  class=\"bb-description ult-responsive\" style=\"font-weight:normal;color:#ffffff;\">Felicitamos a Santiago Cerutti, quien obtuvo el premio a la mejor tesis de Maestr\u00eda del 2026<\/div>\n\t\t<a class=\"bb-link\" href=\"https:\/\/www.me.econo.unlp.edu.ar\/index.php\/novedades\/\"  style=\"background:#dd3333;color:#ffffff;\">+info<\/a>\n\t<\/div>\n<\/div>\n\n\n\n<p><\/p>\n\n\n\n<p><\/p>\n\n\n\n<p>[\/vc_column_inner][vc_column_inner width=\u00bb1\/4&#8243;]<\/p>\n\n\n\n\n<div id=\"interactive-banner-1-wrap-2833\" class=\"ult-banner-block ult-adjust-bottom-margin ult-bb-more ult-banner-block-custom-height banner-style01 \"   style=\"height:270px;\">\n\t<img src=\"https:\/\/www.me.econo.unlp.edu.ar\/wp-content\/uploads\/983b74dc-4d75-48ad-9060-e7dc929816b4-1.jpg\" alt=\"null\">\n\t<h3  data-ultimate-target='#interactive-banner-1-wrap-2833 .bb-top-title '  data-responsive-json-new='{\"font-size\":\"\",\"line-height\":\"\"}'  class=\"title-center bb-top-title ult-responsive\" style=\"font-weight:normal;background:#242424;color:#ffffff;\">2do Workshop Alumni<\/h3>\n\t<div class=\"mask opaque-background\" style=\"background:rgba(36,36,36,0.81);\">\n\t\t<div  data-ultimate-target='#interactive-banner-1-wrap-2833 .bb-description'  data-responsive-json-new='{\"font-size\":\"\",\"line-height\":\"\"}'  class=\"bb-description ult-responsive\" style=\"font-weight:normal;color:#ffffff;\">Se llev\u00f3 a cabo el Segundo Alumni Workshop de la Maestr\u00eda en Econom\u00eda de la UNLP.<\/div>\n\t\t<a class=\"bb-link\" href=\"https:\/\/www.me.econo.unlp.edu.ar\/index.php\/novedades\/\"  style=\"background:#dd3333;color:#ffffff;\">+info<\/a>\n\t<\/div>\n<\/div>\n\n\n\n\n<div id=\"interactive-banner-1-wrap-5218\" class=\"ult-banner-block ult-adjust-bottom-margin ult-bb-more ult-banner-block-custom-height banner-style01 \"   style=\"height:270px;\">\n\t<img src=\"https:\/\/www.me.econo.unlp.edu.ar\/wp-content\/uploads\/logo-unlp-scaled2.jpg\" alt=\"null\">\n\t<h3  data-ultimate-target='#interactive-banner-1-wrap-5218 .bb-top-title '  data-responsive-json-new='{\"font-size\":\"\",\"line-height\":\"\"}'  class=\"title-center bb-top-title ult-responsive\" style=\"font-weight:normal;background:#242424;color:#ffffff;\">Becas UNLP<\/h3>\n\t<div class=\"mask opaque-background\" style=\"background:rgba(36,36,36,0.81);\">\n\t\t<div  data-ultimate-target='#interactive-banner-1-wrap-5218 .bb-description'  data-responsive-json-new='{\"font-size\":\"\",\"line-height\":\"\"}'  class=\"bb-description ult-responsive\" style=\"font-weight:normal;color:#ffffff;\">Azul Mendui\u00f1a (graduada) y Joaqu\u00edn Zarrilli (alumno) obtuvieron becas de posgrado de la UNLP. Felicitaciones!<\/div>\n\t\t<a class=\"bb-link\" href=\"https:\/\/www.me.econo.unlp.edu.ar\/index.php\/novedades\/#becas\"  style=\"background:#dd3333;color:#ffffff;\">+info<\/a>\n\t<\/div>\n<\/div>\n\n\n\n<p>[\/vc_column_inner][vc_column_inner width=\u00bb1\/4&#8243;]<\/p>\n\n\n\n\n<div id=\"interactive-banner-1-wrap-6224\" class=\"ult-banner-block ult-adjust-bottom-margin ult-bb-more ult-banner-block-custom-height banner-style01 \"   style=\"height:270px;\">\n\t<img src=\"https:\/\/www.me.econo.unlp.edu.ar\/wp-content\/uploads\/laptop_libros.jpg\" alt=\"null\">\n\t<h3  data-ultimate-target='#interactive-banner-1-wrap-6224 .bb-top-title '  data-responsive-json-new='{\"font-size\":\"\",\"line-height\":\"\"}'  class=\"title-center bb-top-title ult-responsive\" style=\"font-weight:normal;background:#242424;color:#ffffff;\">NUEVA OFERTA DE CURSOS<\/h3>\n\t<div class=\"mask opaque-background\" style=\"background:rgba(36,36,36,0.81);\">\n\t\t<div  data-ultimate-target='#interactive-banner-1-wrap-6224 .bb-description'  data-responsive-json-new='{\"font-size\":\"\",\"line-height\":\"\"}'  class=\"bb-description ult-responsive\" style=\"font-weight:normal;color:#ffffff;\">\u00a1Nuestra oferta de cursos se sigue renovando! En 2024 sumamos Econom\u00eda Ambiental y Econom\u00eda del Desarrollo. Enterate m\u00e1s ac\u00e1.<\/div>\n\t\t<a class=\"bb-link\" href=\"https:\/\/www.me.econo.unlp.edu.ar\/index.php\/plan-de-estudios\/\"  style=\"background:#dd3333;color:#ffffff;\">+info<\/a>\n\t<\/div>\n<\/div>\n\n\n\n\n<div id=\"interactive-banner-1-wrap-6628\" class=\"ult-banner-block ult-adjust-bottom-margin ult-bb-more ult-banner-block-custom-height banner-style01 \"   style=\"height:270px;\">\n\t<img src=\"https:\/\/www.me.econo.unlp.edu.ar\/wp-content\/uploads\/data_sience-1-scaled.jpg\" alt=\"null\">\n\t<h3  data-ultimate-target='#interactive-banner-1-wrap-6628 .bb-top-title '  data-responsive-json-new='{\"font-size\":\"\",\"line-height\":\"\"}'  class=\"title-center bb-top-title ult-responsive\" style=\"font-weight:normal;background:#242424;color:#ffffff;\">\u00a1NUEVA ORIENTACI\u00d3N EN DATOS!<\/h3>\n\t<div class=\"mask opaque-background\" style=\"background:rgba(36,36,36,0.81);\">\n\t\t<div  data-ultimate-target='#interactive-banner-1-wrap-6628 .bb-description'  data-responsive-json-new='{\"font-size\":\"\",\"line-height\":\"\"}'  class=\"bb-description ult-responsive\" style=\"font-weight:normal;color:#ffffff;\">Te invitamos a conocer nuestra oferta de cursos con orientaci\u00f3n en datos<\/div>\n\t\t<a class=\"bb-link\" href=\"https:\/\/www.me.econo.unlp.edu.ar\/index.php\/novedades\/#orientaciondatos\"  style=\"background:#dd3333;color:#ffffff;\">+info<\/a>\n\t<\/div>\n<\/div>\n\n\n\n<p>[\/vc_column_inner][vc_column_inner width=\u00bb1\/4&#8243;][vc_raw_html]JTNDYSUyMGNsYXNzJTNEJTIydHdpdHRlci10aW1lbGluZSUyMiUyMGRhdGEtd2lkdGglM0QlMjIyNTAlMjIlMjBkYXRhLWhlaWdodCUzRCUyMjU4MCUyMiUyMGhyZWYlM0QlMjJodHRwcyUzQSUyRiUyRnR3aXR0ZXIuY29tJTJGSUlFdW5scCUzRnJlZl9zcmMlM0R0d3NyYyUyNTVFdGZ3JTIyJTNFVHdlZXRzJTIwYnklMjBJSUV1bmxwJTNDJTJGYSUzRSUyMCUzQ3NjcmlwdCUyMGFzeW5jJTIwc3JjJTNEJTIyaHR0cHMlM0ElMkYlMkZwbGF0Zm9ybS50d2l0dGVyLmNvbSUyRndpZGdldHMuanMlMjIlMjBjaGFyc2V0JTNEJTIydXRmLTglMjIlM0UlM0MlMkZzY3JpcHQlM0U=[\/vc_raw_html][\/vc_column_inner][\/vc_row_inner][vc_row_inner][vc_column_inner][vc_btn title=\u00bbVer todas las novedades\u00bb color=\u00bbdanger\u00bb align=\u00bbcenter\u00bb link=\u00bburl:https%3A%2F%2Fwww.me.econo.unlp.edu.ar%2Findex.php%2Fnovedades%2F||\u00bb][\/vc_column_inner][\/vc_row_inner][\/vc_column][\/vc_row]<\/p>\n\n\n<p>[vc_row dt_bg_repeat=\u00bbno-repeat\u00bb bg_image=\u00bb38&#8243; bg_color=\u00bb#000000&#8243;][vc_column]<div style=\"clear:both; width:100%; height:100px\"><\/div>[vc_row_inner][vc_column_inner width=\u00bb1\/4&#8243;][vc_single_image image=\u00bb41&#8243; img_size=\u00bbfull\u00bb alignment=\u00bbcenter\u00bb][\/vc_column_inner][vc_column_inner width=\u00bb3\/4&#8243;][vc_column_text]<\/p>\n<h1><span style=\"color: #ffffff;\">Mensaje de la Directora<\/span><\/h1>\n<p>[\/vc_column_text][vc_column_text]<span style=\"color: #ffffff;\">La Maestr\u00eda en Econom\u00eda brinda una formaci\u00f3n rigurosa e integral, que cubre con enfoques te\u00f3ricos y emp\u00edricos una amplia variedad de \u00e1reas de la Econom\u00eda, con especial \u00e9nfasis en las problem\u00e1ticas de Argentina y Am\u00e9rica Latina. El programa actual es el resultado de m\u00e1s de 20 a\u00f1os de experiencia y permite flexibilidad en la elecci\u00f3n de los cursos de manera que cada estudiante puede dise\u00f1ar el curr\u00edculo que mejor se adapte a sus intereses. La Maestr\u00eda cuenta con un importante cuerpo de profesores e investigadores de tiempo completo de la UNLP y prestigiosos profesores visitantes de otras universidades. <\/span><br \/>\n<span style=\"color: #ffffff;\">Todos estos factores contribuyen a una experiencia motivadora, desafiante y enriquecedora en la Maestr\u00eda, y a una inserci\u00f3n exitosa de nuestros graduados en la vida acad\u00e9mica y profesional.<\/span><\/p>\n<p><a href=\"https:\/\/www.youtube.com\/watch?v=QYkHJq2HzSU\" target=\"_blank\" rel=\"noopener\"><span style=\"color: #d92121;\">Por qu\u00e9 estudiar en la Maestr\u00eda en Econom\u00eda de la UNLP.<\/span><\/a>[\/vc_column_text][\/vc_column_inner][\/vc_row_inner]<div style=\"clear:both; width:100%; height:100px\"><\/div>[\/vc_column][\/vc_row]<\/p>\n\n\n\n<p>[vc_row full_height=\u00bbyes\u00bb dt_id=\u00bbMAESTRIA\u00bb][vc_column]<div style=\"clear:both; width:100%; height:100px\"><\/div><div class=\"dt-title-wrapper\"><h1 class=\"section-title\">MAS INFORMACI\u00d3N<\/h1><\/div><div style=\"clear:both; width:100%; height:60px\"><\/div>[vc_row_inner][vc_column_inner width=\u00bb1\/3&#8243;][vc_single_image image=\u00bb50&#8243; img_size=\u00bbfull\u00bb onclick=\u00bbcustom_link\u00bb link=\u00bbhttps:\/\/www.me.econo.unlp.edu.ar\/index.php\/plan-de-estudios\/\u00bb][\/vc_column_inner][vc_column_inner width=\u00bb1\/3&#8243;][vc_single_image image=\u00bb52&#8243; img_size=\u00bbfull\u00bb onclick=\u00bbcustom_link\u00bb link=\u00bbhttps:\/\/www.me.econo.unlp.edu.ar\/index.php\/cuerpo-docente\/\u00bb][\/vc_column_inner][vc_column_inner width=\u00bb1\/3&#8243;][vc_single_image image=\u00bb53&#8243; img_size=\u00bbfull\u00bb onclick=\u00bbcustom_link\u00bb link=\u00bbhttps:\/\/www.me.econo.unlp.edu.ar\/index.php\/trabajo-de-tesis\/\u00bb][\/vc_column_inner][\/vc_row_inner][vc_row_inner][vc_column_inner width=\u00bb1\/3&#8243;][vc_single_image image=\u00bb54&#8243; img_size=\u00bbfull\u00bb onclick=\u00bbcustom_link\u00bb link=\u00bbhttps:\/\/www.me.econo.unlp.edu.ar\/index.php\/graduados\/\u00bb][\/vc_column_inner][vc_column_inner width=\u00bb1\/3&#8243;][vc_single_image image=\u00bb55&#8243; img_size=\u00bbfull\u00bb onclick=\u00bbcustom_link\u00bb link=\u00bbhttps:\/\/www.me.econo.unlp.edu.ar\/index.php\/inscripcion-y-admisiones\/\u00bb][\/vc_column_inner][vc_column_inner width=\u00bb1\/3&#8243;][vc_single_image image=\u00bb56&#8243; img_size=\u00bbfull\u00bb onclick=\u00bbcustom_link\u00bb img_link_target=\u00bb_blank\u00bb link=\u00bbhttps:\/\/www.me.econo.unlp.edu.ar\/wp-content\/uploads\/AFICHE-1-scaled.jpg\u00bb][\/vc_column_inner][\/vc_row_inner]<div style=\"clear:both; width:100%; height:100px\"><\/div>[\/vc_column][\/vc_row]<\/p>\n\n\n<p>[vc_row dt_bg_repeat=\u00bbno-repeat\u00bb bg_image=\u00bb38&#8243; bg_color=\u00bb#000000&#8243; dt_id=\u00bbContacto\u00bb][vc_column]<div style=\"clear:both; width:100%; height:100px\"><\/div>[vc_row_inner][vc_column_inner el_class=\u00bbcontenedorContacto\u00bb width=\u00bb1\/2&#8243;]<div class=\"dt-title-wrapper\"><h1 class=\"section-title\">CONTACTO<\/h1><\/div><div style=\"clear:both; width:100%; height:30px\"><\/div>[vc_column_text]<\/p>\n<h4 style=\"text-align: center;\"><span style=\"color: #ffffff;\">Maestr\u00eda en Econom\u00eda<\/span><br \/>\n<span style=\"color: #ffffff;\">Departamento de Econom\u00eda<\/span><br \/>\n<span style=\"color: #ffffff;\">Facultad de Ciencias Econ\u00f3micas &#8211;&nbsp;Universidad Nacional de La Plata<\/span><br \/>\n<span style=\"color: #ffffff;\">\ud83d\udccd<a style=\"color: #ffffff;\" href=\"https:\/\/www.google.com.ar\/maps\/place\/Facultad+de+Ciencias+Econ%C3%B3micas+%7C+UNLP\/@-34.9125197,-57.9528469,17z\/data=!3m1!4b1!4m5!3m4!1s0x95a2e637639ea059:0x3d8d24eeeca8072d!8m2!3d-34.9125241!4d-57.9506582\">Calle 6 entre 47 y 48 &#8211; Piso 3 &#8211; Of. 322.&nbsp;<\/a><a style=\"color: #ffffff;\" href=\"https:\/\/www.google.com.ar\/maps\/place\/Facultad+de+Ciencias+Econ%C3%B3micas+%7C+UNLP\/@-34.9125197,-57.9528469,17z\/data=!3m1!4b1!4m5!3m4!1s0x95a2e637639ea059:0x3d8d24eeeca8072d!8m2!3d-34.9125241!4d-57.9506582\">La Plata, Argentina<\/a><\/span><br \/>\n<span style=\"color: #ffffff;\">+54 221 4229383<\/span><br \/>\n<span style=\"color: #ffffff;\"><a style=\"color: #ffffff;\" href=\"mailto:maestria@depeco.econo.unlp.edu.ar\" target=\"_blank\" rel=\"noopener\">maestria@depeco.econo.unlp.edu.ar<\/a><\/span><\/h4>\n<p>[\/vc_column_text][\/vc_column_inner][vc_column_inner width=\u00bb1\/2&#8243;]<div role=\"form\" class=\"wpcf7\" id=\"wpcf7-f4001-o1\" lang=\"es-ES\" dir=\"ltr\">\n<div class=\"screen-reader-response\"><\/div>\n<form action=\"\/index.php\/wp-json\/wp\/v2\/pages\/9#wpcf7-f4001-o1\" method=\"post\" class=\"wpcf7-form\" novalidate=\"novalidate\">\n<div style=\"display: none;\">\n<input type=\"hidden\" name=\"_wpcf7\" value=\"4001\" \/>\n<input type=\"hidden\" name=\"_wpcf7_version\" value=\"4.5.1\" \/>\n<input type=\"hidden\" name=\"_wpcf7_locale\" value=\"es_ES\" \/>\n<input type=\"hidden\" name=\"_wpcf7_unit_tag\" value=\"wpcf7-f4001-o1\" \/>\n<input type=\"hidden\" name=\"_wpnonce\" value=\"e5930f32c0\" \/>\n<\/div>\n<p><label> Nombre (requerido)<br \/>\n    <span class=\"wpcf7-form-control-wrap your-name\"><input type=\"text\" name=\"your-name\" value=\"\" size=\"40\" class=\"wpcf7-form-control wpcf7-text wpcf7-validates-as-required\" aria-required=\"true\" aria-invalid=\"false\" \/><\/span> <\/label><\/p>\n<p><label> Correo electr\u00f3nico (requerido)<br \/>\n    <span class=\"wpcf7-form-control-wrap your-email\"><input type=\"email\" name=\"your-email\" value=\"\" size=\"40\" class=\"wpcf7-form-control wpcf7-text wpcf7-email wpcf7-validates-as-required wpcf7-validates-as-email\" aria-required=\"true\" aria-invalid=\"false\" \/><\/span> <\/label><\/p>\n<p><label> Mensaje<br \/>\n    <span class=\"wpcf7-form-control-wrap your-message\"><textarea name=\"your-message\" cols=\"40\" rows=\"10\" class=\"wpcf7-form-control wpcf7-textarea\" aria-invalid=\"false\"><\/textarea><\/span> <\/label><\/p>\n<p><input type=\"submit\" value=\"Enviar\" class=\"wpcf7-form-control wpcf7-submit\" \/><\/p>\n<div class=\"wpcf7-response-output wpcf7-display-none\"><\/div><\/form><\/div>[\/vc_column_inner][\/vc_row_inner][\/vc_column][\/vc_row]<\/p>\n\n\n\n<p>[vc_row][vc_column]<div style=\"clear:both; width:100%; height:40px\"><\/div>[vc_single_image image=\u00bb4592&#8243; img_size=\u00bbfull\u00bb alignment=\u00bbcenter\u00bb onclick=\u00bbcustom_link\u00bb img_link_target=\u00bb_blank\u00bb link=\u00bbhttps:\/\/www.econo.unlp.edu.ar\/\u00bb]<div style=\"clear:both; width:100%; height:40px\"><\/div>[\/vc_column][\/vc_row]<\/p>\n","protected":false},"excerpt":{"rendered":"<p>[vc_row dt_id=\u00bbInicio\u00bb][vc_column][vc_single_image image=\u00bb4562&#8243; img_size=\u00bbfull\u00bb alignment=\u00bbcenter\u00bb][\/vc_column][\/vc_row] [vc_row bg_type=\u00bbbg_color\u00bb bg_color_value=\u00bb#e5e5e5&#8243;][vc_column][vc_row_inner][vc_column_inner width=\u00bb1\/4&#8243;] [\/vc_column_inner][vc_column_inner width=\u00bb1\/4&#8243;] [\/vc_column_inner][vc_column_inner width=\u00bb1\/4&#8243;] [\/vc_column_inner][vc_column_inner width=\u00bb1\/4&#8243;][vc_raw_html]JTNDYSUyMGNsYXNzJTNEJTIydHdpdHRlci10aW1lbGluZSUyMiUyMGRhdGEtd2lkdGglM0QlMjIyNTAlMjIlMjBkYXRhLWhlaWdodCUzRCUyMjU4MCUyMiUyMGhyZWYlM0QlMjJodHRwcyUzQSUyRiUyRnR3aXR0ZXIuY29tJTJGSUlFdW5scCUzRnJlZl9zcmMlM0R0d3NyYyUyNTVFdGZ3JTIyJTNFVHdlZXRzJTIwYnklMjBJSUV1bmxwJTNDJTJGYSUzRSUyMCUzQ3NjcmlwdCUyMGFzeW5jJTIwc3JjJTNEJTIyaHR0cHMlM0ElMkYlMkZwbGF0Zm9ybS50d2l0dGVyLmNvbSUyRndpZGdldHMuanMlMjIlMjBjaGFyc2V0JTNEJTIydXRmLTglMjIlM0UlM0MlMkZzY3JpcHQlM0U=[\/vc_raw_html][\/vc_column_inner][\/vc_row_inner][vc_row_inner][vc_column_inner][vc_btn title=\u00bbVer todas las novedades\u00bb color=\u00bbdanger\u00bb align=\u00bbcenter\u00bb link=\u00bburl:https%3A%2F%2Fwww.me.econo.unlp.edu.ar%2Findex.php%2Fnovedades%2F||\u00bb][\/vc_column_inner][\/vc_row_inner][\/vc_column][\/vc_row] [vc_row full_height=\u00bbyes\u00bb dt_id=\u00bbMAESTRIA\u00bb][vc_column][vc_row_inner][vc_column_inner&#8230;<\/p>\n<p class=\"readmore\"><a class=\"more-btn\" href=\"https:\/\/www.me.econo.unlp.edu.ar\/\">Ver<\/a><\/p>\n","protected":false},"author":1,"featured_media":0,"parent":0,"menu_order":0,"comment_status":"closed","ping_status":"closed","template":"template-homepage.php","meta":[],"_links":{"self":[{"href":"https:\/\/www.me.econo.unlp.edu.ar\/index.php\/wp-json\/wp\/v2\/pages\/9"}],"collection":[{"href":"https:\/\/www.me.econo.unlp.edu.ar\/index.php\/wp-json\/wp\/v2\/pages"}],"about":[{"href":"https:\/\/www.me.econo.unlp.edu.ar\/index.php\/wp-json\/wp\/v2\/types\/page"}],"author":[{"embeddable":true,"href":"https:\/\/www.me.econo.unlp.edu.ar\/index.php\/wp-json\/wp\/v2\/users\/1"}],"replies":[{"embeddable":true,"href":"https:\/\/www.me.econo.unlp.edu.ar\/index.php\/wp-json\/wp\/v2\/comments?post=9"}],"version-history":[{"count":328,"href":"https:\/\/www.me.econo.unlp.edu.ar\/index.php\/wp-json\/wp\/v2\/pages\/9\/revisions"}],"predecessor-version":[{"id":5505,"href":"https:\/\/www.me.econo.unlp.edu.ar\/index.php\/wp-json\/wp\/v2\/pages\/9\/revisions\/5505"}],"wp:attachment":[{"href":"https:\/\/www.me.econo.unlp.edu.ar\/index.php\/wp-json\/wp\/v2\/media?parent=9"}],"curies":[{"name":"wp","href":"https:\/\/api.w.org\/{rel}","templated":true}]}}