{"id":107,"date":"2018-04-19T13:35:20","date_gmt":"2018-04-19T16:35:20","guid":{"rendered":"https:\/\/www.me.econo.unlp.edu.ar\/?page_id=107"},"modified":"2026-04-21T16:02:57","modified_gmt":"2026-04-21T19:02:57","slug":"graduados","status":"publish","type":"page","link":"https:\/\/www.me.econo.unlp.edu.ar\/index.php\/graduados\/","title":{"rendered":"Graduados"},"content":{"rendered":"<p>[vc_row][vc_column][vc_single_image image=\u00bb4582&#8243; img_size=\u00bbfull\u00bb][vc_empty_space height=\u00bb20&#8243;][\/vc_column][\/vc_row][vc_row dt_row_type=\u00bbin_container\u00bb][vc_column][vc_column_text]<\/p>\n<h1><strong>GRADUADOS<\/strong><\/h1>\n<p>[\/vc_column_text]<div class=\"testimonials-carousel\"><div id=\"owl-testimonials-bff\" class=\"owl-carousel testimonials-slider\" data-token=\"PBcAm\"><div class=\"testimonial-item\"><p>La Maestr\u00eda en Econom\u00eda de la UNLP fue fundamental en mi trayectoria acad\u00e9mica. Gracias a su amplia oferta de cursos, aprend\u00ed distintas herramientas que actualmente utilizo en investigaci\u00f3n. Adem\u00e1s, me permiti\u00f3 estar en contacto con compa\u00f1eros excelentes y con profesores que trabajan en la frontera del conocimiento, en un ambiente de gran calidez humana. Gracias a los conocimientos y experiencias adquiridos, pude comenzar un doctorado en Estados Unidos. Sin dudas, la recomiendo enf\u00e1ticamente.<\/p><p><span class=\"testimonial-name\">Fabi\u00e1n Gonz\u00e1lez<\/span><em>,<\/em> <span class=\"testimonial-position\">Egresado 2022, PhD candidate, Yale University<\/span><\/p><\/div><div class=\"testimonial-item\"><p>Si hay algo en lo que la Maestr\u00eda en Econom\u00eda de la UNLP se destaca es en la s\u00f3lida formaci\u00f3n emp\u00edrica que brinda. Ese enfoque fue un diferencial clave que estoy logrando complementar de manera natural con lo que aprendo actualmente en el doctorado, incluso en \u00e1reas que a priori parecen m\u00e1s te\u00f3ricas, como la macroeconom\u00eda, donde el v\u00ednculo con los datos es cada vez m\u00e1s central.\r\n\r\nPor otro lado, el ambiente con mis compa\u00f1eros fue extremadamente colaborativo, y esos v\u00ednculos se mantuvieron incluso despu\u00e9s de venir al exterior, ya que muchos de ellos tambi\u00e9n continuaron sus estudios o trabajos fuera del pa\u00eds. \r\n\r\nSin todo esto, mi transici\u00f3n al doctorado sin dudas habr\u00eda sido muy distinta.\r\n\r\n<\/p><p><span class=\"testimonial-name\">Ignacio Lunghi<\/span><em>,<\/em> <span class=\"testimonial-position\">Egresado 2023, PhD candidate, New York University<\/span><\/p><\/div><div class=\"testimonial-item\"><p>La Maestr\u00eda en Econom\u00eda de la UNLP me permiti\u00f3 conocer el mundo acad\u00e9mico vinculado a la investigaci\u00f3n, convirti\u00e9ndose en un paso clave en mi formaci\u00f3n profesional. No solo me dio la oportunidad de mejorar mis habilidades t\u00e9cnicas y anal\u00edticas, sino tambi\u00e9n de trabajar como asistente de investigaci\u00f3n con profesores de primer nivel. Estas experiencias, conocimientos y contactos fueron imprescindibles para continuar mis estudios en el exterior. Adem\u00e1s, uno aprende en un ambiente estimulante, que fomenta el compa\u00f1erismo y facilita la relaci\u00f3n con profesores. \u00a1Sin dudas, la volver\u00eda a elegir!<\/p><p><span class=\"testimonial-name\">Joaqu\u00edn Serrano<\/span><em>,<\/em> <span class=\"testimonial-position\">Egresado 2016, PhD candidate, University of California - Los Angeles (UCLA)<\/span><\/p><\/div><div class=\"testimonial-item\"><p>La Maestr\u00eda en Econom\u00eda de la UNLP me abri\u00f3 las puertas tanto para estudiar como para insertarme laboralmente en el exterior. La excelencia acad\u00e9mica de los profesores y el enfoque emp\u00edrico de muchos de sus cursos me brindaron las herramientas necesarias para trabajar tanto el sector p\u00fablico en Argentina como en organismos internacionales en el exterior. A su vez, la calidad humana de los profesores y el compa\u00f1erismo de sus estudiantes hacen de la maestr\u00eda un ambiente estimulante para la generaci\u00f3n e intercambio de ideas. Sin dudas, una de las mejores decisiones que he tomado en mi vida profesional.<\/p><p><span class=\"testimonial-name\">Lucila Venturi<\/span><em>,<\/em> <span class=\"testimonial-position\">Egresada 2018, Research Fellow, Growth Lab, Harvard University<\/span><\/p><\/div><div class=\"testimonial-item\"><p>La Maestr\u00eda en Econom\u00eda de la UNLP me brind\u00f3 exposici\u00f3n a los diversos temas en los que uno puede contribuir desde la investigaci\u00f3n en econom\u00eda, lo que me impuls\u00f3 a seguir una carrera acad\u00e9mica. Los profesores, de calidad excepcional y comparable con las mejores universidades del mundo, fueron y siguen siendo mentores en mi carrera. El ambiente de trabajo es inmejorable; uno se siente parte de la comunidad ni bien entra. Las herramientas y contactos que me brind\u00f3 la maestr\u00eda fueron indispensables para mi paso por organismos internacionales y para empezar el doctorado en Estados Unidos con una base s\u00f3lida, y el foco en econom\u00eda aplicada da una ventaja comparativa para iniciarse en la investigaci\u00f3n de manera m\u00e1s fluida en diversos \u00e1mbitos laborales. <\/p><p><span class=\"testimonial-name\">Luciana Galeano<\/span><em>,<\/em> <span class=\"testimonial-position\">Egresada 2016, PhD candidate, University of Michigan<\/span><\/p><\/div><div class=\"testimonial-item\"><p>La Maestr\u00eda en Econom\u00eda de la UNLP fue fundamental para mi desarrollo profesional y personal. Gracias a mi paso por la maestr\u00eda mejoraron mis oportunidades laborales y de inserci\u00f3n acad\u00e9mica. La Maestr\u00eda, a trav\u00e9s de la calidad de sus profesores, me permiti\u00f3 acceder a una curr\u00edcula de primer nivel, y a las cartas de recomendaci\u00f3n necesarias para realizar un doctorado en Francia. Por su reputaci\u00f3n, me ayud\u00f3 a conseguir un trabajo en un organismo multilateral de cr\u00e9dito. Finalmente, su red de graduados y ex alumnos favoreci\u00f3 la vinculaci\u00f3n con otras personas que facilitaron mis experiencias personales y profesionales, tanto en el exterior como en Argentina. La Maestr\u00eda en Econom\u00eda de la UNLP es, a mi criterio, un lugar de excelencia acad\u00e9mica con un inmejorable ambiente personal.<\/p><p><span class=\"testimonial-name\">Juan Ivars<\/span><em>,<\/em> <span class=\"testimonial-position\">Egresado 2018, PhD candidate, Sciences Po, Paris<\/span><\/p><\/div><div class=\"testimonial-item\"><p>\"La Maestr\u00eda en Econom\u00eda de la UNLP marc\u00f3 un antes y un despu\u00e9s en mi vida profesional. Me acerc\u00f3 a profesores de primer nivel y reconocimiento internacional, que con gran generosidad me abrieron puertas para insertarme en el mercado laboral, primero en organismos internacionales y posteriormente en el sector p\u00fablico en Argentina, como Director de Evaluaci\u00f3n del Gasto de la Provincia de Buenos Aires y luego como Gerente en la Agencia de Recaudaci\u00f3n de la Provincia de Buenos Aires. Excelencia acad\u00e9mica, prestigio internacional y calidez humana son tres caracter\u00edsticas de nuestra Maestr\u00eda, que permite un salto de calidad en la formaci\u00f3n de posgrado de economistas de todas las especialidades.\"<\/p><p><span class=\"testimonial-name\">Leandro Salinardi<\/span><em>,<\/em> <span class=\"testimonial-position\">Egresado 2016, Jefe de la Secci\u00f3n de Promoci\u00f3n de las Inversiones, Embajada Argentina en Roma<\/span><\/p><\/div><div class=\"testimonial-item\"><p>\"Cuando tom\u00e9 la decisi\u00f3n de realizar una Maestr\u00eda en Econom\u00eda, una de las cuestiones claves a resolver era en qu\u00e9 programa enrolarme. Me decid\u00ed por el programa del Departamento de Econom\u00eda de la UNLP, y sin dudas fue la mejor decisi\u00f3n que tom\u00e9. El ambiente para desarrollar el programa es estimulante, existe una gran facilidad para trabajar con los profesores y sentar los primeros pasos para practicar investigaciones de alta calidad.\"<\/p><p><span class=\"testimonial-name\">Marcelo B\u00e9rgolo<\/span><em>,<\/em> <span class=\"testimonial-position\">Egresado 2011, Profesor Asociado, Universidad de la Rep\u00fablica, Uruguay<\/span><\/p><\/div><\/div><\/div>[vc_separator][vc_column_text]<\/p>\n<h3><strong>Inserci\u00f3n Acad\u00e9mica y Laboral<\/strong><\/h3>\n<p>[\/vc_column_text][vc_column_text]La Maestr\u00eda brinda un fuerte apoyo institucional y personal a todos sus graduados, tanto cuando deciden continuar estudios de posgrado como cuando optan por insertarse en el mercado laboral.<\/p>\n<h3 style=\"text-align: justify;\"><strong>Ubicaci\u00f3n en Universidades del Exterior<\/strong><\/h3>\n<p>Los graduados de la Maestr\u00eda han sido admitidos en los programas acad\u00e9micos m\u00e1s prestigiosos del mundo. M\u00e1s de 100 egresados de la Maestr\u00eda han continuado sus estudios de doctorado en distintas universidades del exterior. Este ha sido el placement acad\u00e9mico de los \u00faltimos a\u00f1os:<\/p>\n<ul>\n<li>Brayan A. Condori, University of British Columbia, Ph.D. in Economics, 2026<\/li>\n<li>Nicol\u00e1s Abbate, New York University, Ph.D. in Economics, 2025<\/li>\n<li>Fabi\u00e1n Gonz\u00e1lez, Yale University, Ph.D. in Economics, 2025<\/li>\n<li>Ignacio Lunghi, New York University, Ph.D. in Economics, 2025<\/li>\n<li>Mart\u00edn Finkelstein, Harvard University, Master in Public Administration, 2025<\/li>\n<li>Almudena Valle, Cornell University, Ph.D. in Applied Economics and Management, 2024<\/li>\n<li>Bruno Jim\u00e9nez, Ph.D. in Economics, New York University, 2024<\/li>\n<li>Cristian Bonavida, Carnegie Mellon University, Ph.D in Public Policy and Management, 2024<\/li>\n<li>Manuela Cerimelo, Ph.D. in Economics, London School of Economics, 2024<\/li>\n<li>Fernando Casta\u00f1o, Universidad de la Coru\u00f1a, Ph.D. en Estad\u00edstica, 2023<\/li>\n<li>Carlo Lombardo, Cornell University, Ph.D. in Economics, 2023<\/li>\n<li>Juli\u00e1n Mart\u00ednez Correa, University of Chicago, Harris School of Public Policy, Ph.D. in Public Policy, 2023<\/li>\n<li>Josefina B\u00e1ez, Universita Degli Studi Firenze (Unifi), Ph.D. in Development Economics and Local Systems, 2022<\/li>\n<li>Joaqu\u00edn Varvasino, Universitat Pompeu Fabra, Ph.D. in Economics, 2022<\/li>\n<li>Francisco Pizzi, University of California, Davis, Ph.D. in Economics, 2022<\/li>\n<li>Bruno Jim\u00e9nez, Princeton University, Pre-doc, 2022<\/li>\n<li>Almudena Valle, Barcelona School of Economics, Pre-doc, 2022<\/li>\n<li>Carolina Garc\u00eda, University of Curtin, Australia, Ph.D. in Business and Management, 2022<\/li>\n<li>Malena Arcidi\u00e1cono, Nothingham University, Ph.D. in Economics, 2021<\/li>\n<li>Leonardo Pe\u00f1aloza Pacheco, Cornell University, Ph.D. in Economics, 2021<\/li>\n<li>C\u00e9sar del Pozo, Wageningen University, Pa\u00edses Bajos, Ph.D. in Economics, 2021<\/li>\n<\/ul>\n<p><a href=\"https:\/\/www.me.econo.unlp.edu.ar\/index.php\/inicio-2\/\"><strong><span style=\"color: #ff0000;\">[Ver placement hist\u00f3rico]<\/span><\/strong><\/a><\/p>\n<h3><strong>Inserci\u00f3n Laboral<\/strong><\/h3>\n<p>Los egresados de la Maestr\u00eda se insertan con marcado \u00e9xito en el mercado laboral, tanto en el sector privado como en el sector p\u00fablico. Nuestros egresados han desarrollado excelentes carreras profesionales en los siguientes organismos y empresas:<\/p>\n<p>Banco Inter-Americano de Desarrollo (Washington DC, EE.UU. y Representaci\u00f3n en Buenos Aires); Banco Mundial (Washington DC, EE.UU. y Representaci\u00f3n en Buenos Aires); Banco de Desarrollo de Am\u00e9rica Latina (CAF); Fondo Monetario Internacional (Washington DC, EE.UU.); Organizaci\u00f3n para la Cooperaci\u00f3n y el Desarrollo Econ\u00f3mico \u2013 OCDE (Par\u00eds, Francia); McKinsey Consulting; Instituto Argentino de Mercado de Capitales; Fundaci\u00f3n de Investigaciones Econ\u00f3micas &#8211; FIEL; Centro de Estudios Laborales, Distributivos y Sociales \u2013 CEDLAS; Ministerio de Econom\u00eda de la Naci\u00f3n; Ministerio de Econom\u00eda de la Provincia de Buenos Aires; Secretar\u00eda de Finanzas de la Naci\u00f3n; Banco Central de la Rep\u00fablica Argentina; Ministerio de Salud de la Naci\u00f3n; Secretar\u00eda de Defensa de la Competencia; INDEC; Fundaci\u00f3n Capital; Estudio Broda; Consultora Abeceb; Centro para la Estabilidad Financiera; Accenture; Ente Regulador del Agua; Centro de Econom\u00eda Internacional (Canciller\u00eda); SEDECA Microcr\u00e9ditos; University of British Columbia (Canad\u00e1); Universidad de la Rioja (Espa\u00f1a); Banco de la Naci\u00f3n Argentina; Universidad de San Andr\u00e9s; Universidad Torcuato di Tella; Universidad del CEMA.<\/p>\n<h3><strong>Asociaci\u00f3n de Graduados y Graduadas de la Maestr\u00eda en Econom\u00eda de la UNLP<\/strong><\/h3>\n<p>La Maestr\u00eda en Econom\u00eda de la UNLP cuenta con una Asociaci\u00f3n de Graduados y Graduadas, que contribuye activamente a la promoci\u00f3n de espacios de debate y actividades de capacitaci\u00f3n e intercambio de ideas y experiencias.<\/p>\n<p>Adem\u00e1s, la Asociaci\u00f3n promueve las oportunidades educativas para futuras generaciones que deseen transitar el camino de la Maestr\u00eda mediante un fondo de becas.<\/p>\n<p>Conoc\u00e9 m\u00e1s sobre esta iniciativa <a href=\"https:\/\/www.alumnieconomiaunlp.com\/\" target=\"_blank\" rel=\"noopener\">aqu\u00ed<\/a>.<span style=\"font-size: revert; color: initial;\">[\/vc_column_text][\/vc_column][\/vc_row]<\/span><\/p>\n","protected":false},"excerpt":{"rendered":"<p>[vc_row][vc_column][vc_single_image image=\u00bb4582&#8243; img_size=\u00bbfull\u00bb][vc_empty_space height=\u00bb20&#8243;][\/vc_column][\/vc_row][vc_row dt_row_type=\u00bbin_container\u00bb][vc_column][vc_column_text] GRADUADOS [\/vc_column_text][vc_separator][vc_column_text] Inserci\u00f3n Acad\u00e9mica y Laboral [\/vc_column_text][vc_column_text]La Maestr\u00eda brinda un fuerte apoyo institucional y personal a todos sus graduados, tanto&#8230;<\/p>\n<p class=\"readmore\"><a class=\"more-btn\" href=\"https:\/\/www.me.econo.unlp.edu.ar\/index.php\/testimonials\/marcelo-bergolo\/\">Ver<\/a><\/p>\n","protected":false},"author":1,"featured_media":0,"parent":0,"menu_order":0,"comment_status":"closed","ping_status":"closed","template":"template-homepage.php","meta":[],"_links":{"self":[{"href":"https:\/\/www.me.econo.unlp.edu.ar\/index.php\/wp-json\/wp\/v2\/pages\/107"}],"collection":[{"href":"https:\/\/www.me.econo.unlp.edu.ar\/index.php\/wp-json\/wp\/v2\/pages"}],"about":[{"href":"https:\/\/www.me.econo.unlp.edu.ar\/index.php\/wp-json\/wp\/v2\/types\/page"}],"author":[{"embeddable":true,"href":"https:\/\/www.me.econo.unlp.edu.ar\/index.php\/wp-json\/wp\/v2\/users\/1"}],"replies":[{"embeddable":true,"href":"https:\/\/www.me.econo.unlp.edu.ar\/index.php\/wp-json\/wp\/v2\/comments?post=107"}],"version-history":[{"count":29,"href":"https:\/\/www.me.econo.unlp.edu.ar\/index.php\/wp-json\/wp\/v2\/pages\/107\/revisions"}],"predecessor-version":[{"id":5541,"href":"https:\/\/www.me.econo.unlp.edu.ar\/index.php\/wp-json\/wp\/v2\/pages\/107\/revisions\/5541"}],"wp:attachment":[{"href":"https:\/\/www.me.econo.unlp.edu.ar\/index.php\/wp-json\/wp\/v2\/media?parent=107"}],"curies":[{"name":"wp","href":"https:\/\/api.w.org\/{rel}","templated":true}]}}